{"id":100,"date":"2024-01-28T16:04:11","date_gmt":"2024-01-28T15:04:11","guid":{"rendered":"https:\/\/callexpert.eu\/?page_id=100"},"modified":"2024-03-20T19:52:24","modified_gmt":"2024-03-20T18:52:24","slug":"contact","status":"publish","type":"page","link":"https:\/\/callexpert.eu\/?page_id=100","title":{"rendered":"Contact"},"content":{"rendered":"\n<div class=\"wp-block-media-text is-stacked-on-mobile\"><figure class=\"wp-block-media-text__media\"><img loading=\"lazy\" decoding=\"async\" width=\"1024\" height=\"395\" src=\"https:\/\/callexpert.eu\/wp-content\/uploads\/2024\/02\/AdobeStock_280787323-1024x395.jpeg\" alt=\"\" class=\"wp-image-257 size-full\" srcset=\"https:\/\/callexpert.eu\/wp-content\/uploads\/2024\/02\/AdobeStock_280787323-1024x395.jpeg 1024w, https:\/\/callexpert.eu\/wp-content\/uploads\/2024\/02\/AdobeStock_280787323-300x116.jpeg 300w, https:\/\/callexpert.eu\/wp-content\/uploads\/2024\/02\/AdobeStock_280787323-768x296.jpeg 768w, https:\/\/callexpert.eu\/wp-content\/uploads\/2024\/02\/AdobeStock_280787323-1536x592.jpeg 1536w, https:\/\/callexpert.eu\/wp-content\/uploads\/2024\/02\/AdobeStock_280787323-2048x789.jpeg 2048w\" sizes=\"(max-width: 1024px) 100vw, 1024px\" \/><\/figure><div class=\"wp-block-media-text__content\">\n<p class=\"has-small-font-size\"><strong>Vegye fel vel\u00fcnk a kapcsolatot az al\u00e1bbi el\u00e9rhet\u0151s\u00e9gek egyik\u00e9n, vagy t\u00f6ltse ki az al\u00e1bbi \u00fcrlpot:<\/strong><\/p>\n\n\n\n<p class=\"has-small-font-size\">Telefonon: <strong>00 36 1 300 9080&nbsp;<\/strong> H-P 8-18 or\u00e1ig<\/p>\n\n\n\n<p class=\"has-small-font-size\">Emailben:<strong> info@callexpert.eu<\/strong><\/p>\n<\/div><\/div>\n\n\n<style id=\"wpforms-css-vars-235-block-71d62013-ee66-4c09-9f07-7904922314cb\">\n\t\t\t\t#wpforms-235.wpforms-block-71d62013-ee66-4c09-9f07-7904922314cb {\n\t\t\t\t--wpforms-field-background-color: #8ed1fc;\n--wpforms-button-border-radius: 10px;\n--wpforms-button-size-font-size: 14px;\n--wpforms-button-size-height: 37px;\n--wpforms-button-size-padding-h: 15px;\n--wpforms-button-size-margin-top: 5px;\n\n\t\t\t}\n\t\t\t<\/style><div class=\"wpforms-container wpforms-container-full wpforms-block wpforms-block-71d62013-ee66-4c09-9f07-7904922314cb wpforms-render-modern\" id=\"wpforms-235\"><form id=\"wpforms-form-235\" class=\"wpforms-validate wpforms-form wpforms-ajax-form\" data-formid=\"235\" method=\"post\" enctype=\"multipart\/form-data\" action=\"\/index.php?rest_route=%2Fwp%2Fv2%2Fpages%2F100\" data-token=\"4315f8201bd9e7aa75683e2eaa2da10b\" data-token-time=\"1776313679\"><noscript class=\"wpforms-error-noscript\">Please enable JavaScript in your browser to complete this form.<\/noscript><div class=\"wpforms-hidden\" id=\"wpforms-error-noscript\">Please enable JavaScript in your browser to complete this form.<\/div><div class=\"wpforms-field-container\"><div id=\"wpforms-235-field_0-container\" class=\"wpforms-field wpforms-field-name\" data-field-id=\"0\"><label class=\"wpforms-field-label\" for=\"wpforms-235-field_0\">N\u00e9v <span class=\"wpforms-required-label\" aria-hidden=\"true\">*<\/span><\/label><input type=\"text\" id=\"wpforms-235-field_0\" class=\"wpforms-field-medium wpforms-field-required\" name=\"wpforms[fields][0]\" aria-errormessage=\"wpforms-235-field_0-error\" required><\/div><div id=\"wpforms-235-field_1-container\" class=\"wpforms-field wpforms-field-email\" data-field-id=\"1\"><label class=\"wpforms-field-label\" for=\"wpforms-235-field_1\">Emailc\u00edm <span class=\"wpforms-required-label\" aria-hidden=\"true\">*<\/span><\/label><input type=\"email\" id=\"wpforms-235-field_1\" class=\"wpforms-field-medium wpforms-field-required\" name=\"wpforms[fields][1]\" spellcheck=\"false\" aria-errormessage=\"wpforms-235-field_1-error\" required><\/div><div id=\"wpforms-235-field_2-container\" class=\"wpforms-field wpforms-field-textarea\" data-field-id=\"2\"><label class=\"wpforms-field-label\" for=\"wpforms-235-field_2\">Megjegyz\u00e9s<\/label><textarea id=\"wpforms-235-field_2\" class=\"wpforms-field-small\" name=\"wpforms[fields][2]\" aria-errormessage=\"wpforms-235-field_2-error\" ><\/textarea><\/div><div id=\"wpforms-235-field_3-container\" class=\"wpforms-field wpforms-field-select wpforms-field-select-style-modern\" data-field-id=\"3\"><label class=\"wpforms-field-label\" for=\"wpforms-235-field_3\">Szolg\u00e1ltat\u00e1s kiv\u00e1laszt\u00e1sa<\/label><select id=\"wpforms-235-field_3\" class=\"wpforms-field-medium choicesjs-select\" data-size-class=\"wpforms-field-row wpforms-field-medium\" data-search-enabled=\"\" name=\"wpforms[fields][3]\"><option value=\"\" class=\"placeholder\" disabled  selected='selected'><\/option><option value=\"Hidegh\u00edv\u00e1sok\" >Hidegh\u00edv\u00e1sok<\/option><option value=\"Back Office szolg\u00e1ltat\u00e1s\" >Back Office szolg\u00e1ltat\u00e1s<\/option><option value=\"WebShopok kezel\u00e9se\" >WebShopok kezel\u00e9se<\/option><option value=\"Virtu\u00e1lis alk\u00f6zpont\" >Virtu\u00e1lis alk\u00f6zpont<\/option><option value=\"Telefonos panaszkezel\u00e9s\" >Telefonos panaszkezel\u00e9s<\/option><option value=\"M\u00e1s Call Center szolg\u00e1ltat\u00e1s\" >M\u00e1s Call Center szolg\u00e1ltat\u00e1s<\/option><option value=\"Egy\u00e9bb\" >Egy\u00e9bb<\/option><\/select><\/div><\/div><!-- .wpforms-field-container --><div class=\"wpforms-submit-container\" ><input type=\"hidden\" name=\"wpforms[id]\" value=\"235\"><input type=\"hidden\" name=\"page_title\" value=\"\"><input type=\"hidden\" name=\"page_url\" value=\"https:\/\/callexpert.eu\/index.php?rest_route=\/wp\/v2\/pages\/100\"><input type=\"hidden\" name=\"url_referer\" value=\"\"><button type=\"submit\" name=\"wpforms[submit]\" id=\"wpforms-submit-235\" class=\"wpforms-submit\" data-alt-text=\"Sending...\" data-submit-text=\"K\u00fcld\u00e9s\" aria-live=\"assertive\" value=\"wpforms-submit\">K\u00fcld\u00e9s<\/button><img loading=\"lazy\" decoding=\"async\" src=\"https:\/\/callexpert.eu\/wp-content\/plugins\/wpforms-lite\/assets\/images\/submit-spin.svg\" class=\"wpforms-submit-spinner\" style=\"display: none;\" width=\"26\" height=\"26\" alt=\"Loading\"><\/div><\/form><\/div>  <!-- .wpforms-container -->","protected":false},"excerpt":{"rendered":"<p>Vegye fel vel\u00fcnk a kapcsolatot az al\u00e1bbi el\u00e9rhet\u0151s\u00e9gek egyik\u00e9n, vagy t\u00f6ltse ki az al\u00e1bbi \u00fcrlpot: Telefonon: 00 36 1 300 9080&nbsp; H-P 8-18 or\u00e1ig Emailben: info@callexpert.eu<\/p>\n","protected":false},"author":1,"featured_media":0,"parent":0,"menu_order":0,"comment_status":"closed","ping_status":"closed","template":"templates\/fullwidth.php","meta":{"om_disable_all_campaigns":false,"_monsterinsights_skip_tracking":false,"_monsterinsights_sitenote_active":false,"_monsterinsights_sitenote_note":"","_monsterinsights_sitenote_category":0,"footnotes":""},"aioseo_notices":[],"_links":{"self":[{"href":"https:\/\/callexpert.eu\/index.php?rest_route=\/wp\/v2\/pages\/100"}],"collection":[{"href":"https:\/\/callexpert.eu\/index.php?rest_route=\/wp\/v2\/pages"}],"about":[{"href":"https:\/\/callexpert.eu\/index.php?rest_route=\/wp\/v2\/types\/page"}],"author":[{"embeddable":true,"href":"https:\/\/callexpert.eu\/index.php?rest_route=\/wp\/v2\/users\/1"}],"replies":[{"embeddable":true,"href":"https:\/\/callexpert.eu\/index.php?rest_route=%2Fwp%2Fv2%2Fcomments&post=100"}],"version-history":[{"count":6,"href":"https:\/\/callexpert.eu\/index.php?rest_route=\/wp\/v2\/pages\/100\/revisions"}],"predecessor-version":[{"id":469,"href":"https:\/\/callexpert.eu\/index.php?rest_route=\/wp\/v2\/pages\/100\/revisions\/469"}],"wp:attachment":[{"href":"https:\/\/callexpert.eu\/index.php?rest_route=%2Fwp%2Fv2%2Fmedia&parent=100"}],"curies":[{"name":"wp","href":"https:\/\/api.w.org\/{rel}","templated":true}]}}