{"id":122,"date":"2024-01-28T20:06:19","date_gmt":"2024-01-28T19:06:19","guid":{"rendered":"https:\/\/callexpert.eu\/?page_id=122"},"modified":"2024-03-20T19:51:43","modified_gmt":"2024-03-20T18:51:43","slug":"telefonos-panaszkezeles","status":"publish","type":"page","link":"https:\/\/callexpert.eu\/?page_id=122","title":{"rendered":"Telefonos Panaszkezel\u00e9s"},"content":{"rendered":"\n<p class=\"has-text-align-center has-black-color has-text-color has-link-color wp-elements-16a297f43986abcb77896184f9c1308b\">A telefonos panaszkezel\u00e9s a p\u00e9nz\u00fcgyi szektorban lehet, hogy nem a leggyakoribb tev\u00e9kenys\u00e9g amelyet napmint nap el kell l\u00e1tni, de ugyanakkor mindig k\u00e9szenl\u00e9tben kell \u00e1llni, mert soha nem tudjuk, hogy mikor j\u00f6n be egy h\u00edv\u00e1s amelyet a t\u00f6rv\u00e9nyi el\u0151r\u00edr\u00e1soknak megfelel\u0151en kell kezelni. Ha, \u00d6n\u00f6k sem szeretn\u00e9nek erre egy dedik\u00e1lt szem\u00e9lyt alkalmazni, vagy csak egyszer\u0171en \u00e1t szeretn\u00e9k adni ezt a terhet , hogy egy korszer\u0171 \u00e9s a t\u00f6rv\u00e9nyi el\u0151\u00edr\u00e1sokn\u00e1k megfelel\u0151 telefonos pnaszkezel\u00e9ses vonaluk legyen akkor a CALLEXPERT a legjobb v\u00e1laszt\u00e1s!<\/p>\n\n\n\n<p class=\"has-text-align-center has-black-color has-vivid-cyan-blue-background-color has-text-color has-background has-link-color wp-elements-b289ba597e1906c615753de7b881201c\"><strong>KIKNEK JAVASOLJUNK EZEN SZOLG\u00c1LTAT\u00c1SUNKAT ?<\/strong><\/p>\n\n\n\n<div class=\"wp-block-columns is-layout-flex wp-container-core-columns-layout-2 wp-block-columns-is-layout-flex\">\n<div class=\"wp-block-column is-layout-flow wp-block-column-is-layout-flow\">\n<div class=\"wp-block-columns is-layout-flex wp-container-core-columns-layout-1 wp-block-columns-is-layout-flex\">\n<div class=\"wp-block-column is-layout-flow wp-block-column-is-layout-flow\"><\/div>\n<\/div>\n<\/div>\n<\/div>\n\n\n\n<div class=\"wp-block-media-text is-stacked-on-mobile\"><figure class=\"wp-block-media-text__media\"><img loading=\"lazy\" decoding=\"async\" width=\"1024\" height=\"576\" src=\"http:\/\/callexpert.eu\/wp-content\/uploads\/2024\/02\/iStock-1321779943-1024x576.jpg\" alt=\"\" class=\"wp-image-204 size-full\" srcset=\"https:\/\/callexpert.eu\/wp-content\/uploads\/2024\/02\/iStock-1321779943-1024x576.jpg 1024w, https:\/\/callexpert.eu\/wp-content\/uploads\/2024\/02\/iStock-1321779943-300x169.jpg 300w, https:\/\/callexpert.eu\/wp-content\/uploads\/2024\/02\/iStock-1321779943-768x432.jpg 768w, https:\/\/callexpert.eu\/wp-content\/uploads\/2024\/02\/iStock-1321779943-1536x864.jpg 1536w, https:\/\/callexpert.eu\/wp-content\/uploads\/2024\/02\/iStock-1321779943-2048x1152.jpg 2048w\" sizes=\"(max-width: 1024px) 100vw, 1024px\" \/><\/figure><div class=\"wp-block-media-text__content\">\n<p class=\"has-black-color has-vivid-cyan-blue-background-color has-text-color has-background has-link-color has-small-font-size wp-elements-1f9bbdb05d1fa89bf8c40febba35cc92\"><strong>Ezen szolg\u00e1ltat\u00e1sunk kifejezetten p\u00e9nz\u00fcgyi szolg\u00e1ltat\u00f3knak sz\u00f3l ( biztos\u00edt\u00e1si alkusz c\u00e9gek , hitel k\u00f6zvet\u00edt\u0151k, t\u00f6bbes \u00fcgyn\u00f6k\u00f6k  stb. ) akik szeretn\u00e9nek megfelelni a t\u00f6rv\u00e9nyi  el\u0151\u00edr\u00e1soknak \u00e9s egyben profeszion\u00e1lis \u00e9s korszer\u0171 megold\u00e1t szeretn\u00e9nek ny\u00fajtani \u00fcgyfeleiknek.<\/strong> <strong>F\u00f3kusz\u00e1lljon az \u00e9rt\u00e9kes\u00edt\u00e9sre \u00e9s az el\u00e9gedetlen \u00fcgyefeleket b\u00edzza r\u00e1nk!!<\/strong><\/p>\n<\/div><\/div>\n\n\n\n<div class=\"wp-block-columns is-layout-flex wp-container-core-columns-layout-3 wp-block-columns-is-layout-flex\">\n<div class=\"wp-block-column is-layout-flow wp-block-column-is-layout-flow\">\n<hr class=\"wp-block-separator has-text-color has-vivid-cyan-blue-color has-alpha-channel-opacity has-vivid-cyan-blue-background-color has-background is-style-default\"\/>\n<\/div>\n<\/div>\n\n\n\n<p class=\"has-text-align-center has-black-color has-vivid-cyan-blue-background-color has-text-color has-background has-link-color wp-elements-bcc7a668ed66c809c1518fea33cd389c\">                                           <strong>  Mit ny\u00fajtunk a szolg\u00e1ltat\u00e1s keret\u00e9n bel\u00fcl?<\/strong><\/p>\n\n\n\n<div class=\"wp-block-media-text alignfull is-stacked-on-mobile\"><figure class=\"wp-block-media-text__media\"><img loading=\"lazy\" decoding=\"async\" width=\"1024\" height=\"683\" src=\"http:\/\/callexpert.eu\/wp-content\/uploads\/2024\/03\/AdobeStock_194835852-1024x683.jpeg\" alt=\"\" class=\"wp-image-319 size-full\" srcset=\"https:\/\/callexpert.eu\/wp-content\/uploads\/2024\/03\/AdobeStock_194835852-1024x683.jpeg 1024w, https:\/\/callexpert.eu\/wp-content\/uploads\/2024\/03\/AdobeStock_194835852-300x200.jpeg 300w, https:\/\/callexpert.eu\/wp-content\/uploads\/2024\/03\/AdobeStock_194835852-768x512.jpeg 768w, https:\/\/callexpert.eu\/wp-content\/uploads\/2024\/03\/AdobeStock_194835852-1536x1024.jpeg 1536w, https:\/\/callexpert.eu\/wp-content\/uploads\/2024\/03\/AdobeStock_194835852-2048x1366.jpeg 2048w\" sizes=\"(max-width: 1024px) 100vw, 1024px\" \/><\/figure><div class=\"wp-block-media-text__content\">\n<ul class=\"has-black-color has-vivid-cyan-blue-background-color has-text-color has-background has-link-color wp-elements-27c7213de7ca110ac3a576e301469fd4\">\n<li class=\"has-small-font-size\"><strong>teljesen k\u00f6lts\u00e9gmentes bekapcsol\u00e1s<\/strong><\/li>\n\n\n\n<li class=\"has-small-font-size\"><strong>maximum 5 percen bel\u00fcl garant\u00e1lt v\u00e1lasz a telefonh\u00edv\u00e1sokra<\/strong><\/li>\n\n\n\n<li class=\"has-small-font-size\"><strong>kiz\u00e1r\u00f3lagos telefonsz\u00e1m d\u00edjmentesen<\/strong><\/li>\n\n\n\n<li class=\"has-small-font-size\"><strong>h\u00edv\u00e1s r\u00f6gz\u00edt\u00e9s<\/strong><\/li>\n\n\n\n<li class=\"has-small-font-size\">IVR (Robot) \u2013 be\u00e1ll\u00edtott munkaprogrammal<\/li>\n\n\n\n<li class=\"has-small-font-size\"><strong>heti egy nap hosszabb\u00edtott ny\u00edtva tart\u00e1s, az MNB el\u0151\u00edr\u00e1sinak megfelel\u0151en<\/strong><\/li>\n\n\n\n<li class=\"has-small-font-size\"><strong>a h\u00edv\u00e1sokr\u00f3l k\u00e9sz\u00fclt hanganyag \u00e1tad\u00e1sa 24 \u00f3r\u00e1n <\/strong>bel\u00fcl<\/li>\n<\/ul>\n\n\n\n<p><\/p>\n<\/div><\/div>\n\n\n\n<hr class=\"wp-block-separator has-text-color has-vivid-cyan-blue-color has-alpha-channel-opacity has-vivid-cyan-blue-background-color has-background\"\/>\n\n\n\n<p class=\"has-text-align-center has-black-color has-vivid-cyan-blue-background-color has-text-color has-background has-link-color wp-elements-cc3f5ec8b5481d82b269c6b6b4bc853b\"><strong><a href=\"https:\/\/callexpert.eu\/?page_id=100\" target=\"_blank\" rel=\"noopener\" title=\"Erl\u00e9rhet\u0151s\u00e9geink\">Ha felkeltett\u00fck az \u00e9rdekl\u0151d\u00e9s\u00e9t keressenek az el\u00e9rhet\u0151s\u00e9geink egyik\u00e9n !!!<\/a><\/strong><\/p>\n","protected":false},"excerpt":{"rendered":"<p>A telefonos panaszkezel\u00e9s a p\u00e9nz\u00fcgyi szektorban lehet, hogy nem a leggyakoribb tev\u00e9kenys\u00e9g amelyet napmint nap el kell l\u00e1tni, de ugyanakkor mindig k\u00e9szenl\u00e9tben kell \u00e1llni, mert soha nem tudjuk, hogy mikor j\u00f6n be egy h\u00edv\u00e1s amelyet a t\u00f6rv\u00e9nyi el\u0151r\u00edr\u00e1soknak megfelel\u0151en kell kezelni. Ha, \u00d6n\u00f6k sem szeretn\u00e9nek erre egy dedik\u00e1lt szem\u00e9lyt alkalmazni, vagy csak egyszer\u0171en \u00e1t szeretn\u00e9k<br \/><a class=\"btn btn-theme post-btn\" href=\"https:\/\/callexpert.eu\/?page_id=122\">Read More<\/a><\/p>\n","protected":false},"author":1,"featured_media":0,"parent":0,"menu_order":0,"comment_status":"closed","ping_status":"closed","template":"templates\/fullwidth.php","meta":{"om_disable_all_campaigns":false,"_monsterinsights_skip_tracking":false,"_monsterinsights_sitenote_active":false,"_monsterinsights_sitenote_note":"","_monsterinsights_sitenote_category":0,"footnotes":""},"aioseo_notices":[],"_links":{"self":[{"href":"https:\/\/callexpert.eu\/index.php?rest_route=\/wp\/v2\/pages\/122"}],"collection":[{"href":"https:\/\/callexpert.eu\/index.php?rest_route=\/wp\/v2\/pages"}],"about":[{"href":"https:\/\/callexpert.eu\/index.php?rest_route=\/wp\/v2\/types\/page"}],"author":[{"embeddable":true,"href":"https:\/\/callexpert.eu\/index.php?rest_route=\/wp\/v2\/users\/1"}],"replies":[{"embeddable":true,"href":"https:\/\/callexpert.eu\/index.php?rest_route=%2Fwp%2Fv2%2Fcomments&post=122"}],"version-history":[{"count":26,"href":"https:\/\/callexpert.eu\/index.php?rest_route=\/wp\/v2\/pages\/122\/revisions"}],"predecessor-version":[{"id":468,"href":"https:\/\/callexpert.eu\/index.php?rest_route=\/wp\/v2\/pages\/122\/revisions\/468"}],"wp:attachment":[{"href":"https:\/\/callexpert.eu\/index.php?rest_route=%2Fwp%2Fv2%2Fmedia&parent=122"}],"curies":[{"name":"wp","href":"https:\/\/api.w.org\/{rel}","templated":true}]}}