{"id":476,"date":"2024-03-21T18:30:13","date_gmt":"2024-03-21T17:30:13","guid":{"rendered":"https:\/\/callexpert.eu\/?page_id=476"},"modified":"2024-03-21T18:46:28","modified_gmt":"2024-03-21T17:46:28","slug":"rolunk","status":"publish","type":"page","link":"https:\/\/callexpert.eu\/?page_id=476","title":{"rendered":"R\u00f3lunk"},"content":{"rendered":"\n<p class=\"has-text-align-left has-black-color has-vivid-cyan-blue-background-color has-text-color has-background has-link-color has-small-font-size wp-elements-18c77963a44fc5734923071e49b34307\"><strong>A CALLEXPERT   egy innovat\u00edv call center v\u00e1llalat, amely 2016 \u00f3ta k\u00edn\u00e1l sokr\u00e9t\u0171 kommunik\u00e1ci\u00f3s megold\u00e1sokat a piac sz\u00e9les k\u00f6r\u00e9nek. Szolg\u00e1ltat\u00e1saink k\u00f6z\u00e9 tartozik a hidegh\u00edv\u00e1sok v\u00e9grehajt\u00e1sa, bej\u00f6v\u0151 h\u00edv\u00e1sok kezel\u00e9se, sz\u00e1ml\u00e1z\u00e1si feladatok ell\u00e1t\u00e1sa, v\u00e1llalatok k\u00f6z\u00f6ss\u00e9gi m\u00e9dia oldalainak gondoz\u00e1sa, valamint a leg\u00fajabb k\u00edn\u00e1latunk: virtu\u00e1lis alk\u00f6zpontok kialak\u00edt\u00e1sa. Ez ut\u00f3bbi szolg\u00e1ltat\u00e1sunkkal lehet\u0151v\u00e9 tessz\u00fck \u00fcgyfeleink sz\u00e1m\u00e1ra, hogy rugalmas, k\u00f6lts\u00e9ghat\u00e9kony \u00e9s teljes m\u00e9rt\u00e9kben testreszabhat\u00f3 kommunik\u00e1ci\u00f3s infrastrukt\u00far\u00e1t hozzanak l\u00e9tre, amely megfelel a modern \u00fczleti k\u00f6rnyezet kih\u00edv\u00e1sainak.<\/strong><\/p>\n\n\n\n<figure class=\"wp-block-gallery has-nested-images columns-default is-cropped wp-block-gallery-1 is-layout-flex wp-block-gallery-is-layout-flex\">\n<figure class=\"wp-block-image size-large\"><img loading=\"lazy\" decoding=\"async\" width=\"1000\" height=\"615\" data-id=\"306\" src=\"https:\/\/callexpert.eu\/wp-content\/uploads\/2024\/03\/AdobeStock_86666116-scaled-e1710869665130.jpeg\" alt=\"\" class=\"wp-image-306\"\/><figcaption class=\"wp-element-caption\">CALLEXPERT SOLUTIONS KFT<\/figcaption><\/figure>\n<\/figure>\n\n\n\n<p class=\"has-black-color has-vivid-cyan-blue-background-color has-text-color has-background has-link-color has-small-font-size wp-elements-186637c54563e8ab0cf46bd072fd7433\"><strong>A CALLEXPERT  azon kev\u00e9s call center v\u00e1llalatok egyike, amely val\u00f3ban m\u00e9lyrehat\u00f3an elk\u00f6telezett amellett, hogy minden egyes \u00fcgyfel\u00e9nek egyedi, szem\u00e9lyre szabott szolg\u00e1ltat\u00e1st ny\u00fajtson. Meg\u00e9rtj\u00fck, hogy minden v\u00e1llalkoz\u00e1s egyedi, saj\u00e1tos ig\u00e9nyekkel \u00e9s kih\u00edv\u00e1sokkal rendelkezik, ez\u00e9rt t\u00f6reksz\u00fcnk arra, hogy szolg\u00e1ltat\u00e1sainkat \u2013 legyen sz\u00f3 hidegh\u00edv\u00e1sokr\u00f3l, bej\u00f6v\u0151 h\u00edv\u00e1sok kezel\u00e9s\u00e9r\u0151l, sz\u00e1ml\u00e1z\u00e1sr\u00f3l, k\u00f6z\u00f6ss\u00e9gi m\u00e9dia menedzsel\u00e9sr\u0151l vagy virtu\u00e1lis alk\u00f6zpontok kialak\u00edt\u00e1s\u00e1r\u00f3l \u2013 teljes m\u00e9rt\u00e9kben az \u00fcgyf\u00e9l specifikus elv\u00e1r\u00e1saihoz igaz\u00edtsuk.A szem\u00e9lyre szabott megk\u00f6zel\u00edt\u00e9s\u00fcnk mag\u00e1ban foglalja a kommunik\u00e1ci\u00f3s strat\u00e9gi\u00e1k alapos elemz\u00e9s\u00e9t \u00e9s fejleszt\u00e9s\u00e9t, hogy azok t\u00f6k\u00e9letesen illeszkedjenek \u00fcgyfeleink \u00fczleti modellj\u00e9hez \u00e9s piaci poz\u00edci\u00f3j\u00e1hoz. A projekt minden szakasz\u00e1ban szorosan egy\u00fcttm\u0171k\u00f6d\u00fcnk \u00fcgyfeleinkkel, hogy biztos\u00edtsuk a legjobb megold\u00e1sok megtal\u00e1l\u00e1s\u00e1t, amelyek nemcsak az aktu\u00e1lis ig\u00e9nyeket el\u00e9g\u00edtik ki, hanem el\u0151retekint\u0151en is t\u00e1mogatj\u00e1k \u00fczleti c\u00e9ljaik el\u00e9r\u00e9s\u00e9t.<\/strong><\/p>\n\n\n\n<hr class=\"wp-block-separator has-text-color has-vivid-cyan-blue-color has-alpha-channel-opacity has-vivid-cyan-blue-background-color has-background\"\/>\n\n\n\n<p class=\"has-text-align-center has-black-color has-vivid-cyan-blue-background-color has-text-color has-background has-link-color wp-elements-2fdb963ed5bfbec4a4c43aab18a570f1\"><strong><a href=\"https:\/\/callexpert.eu\/?page_id=100\" target=\"_blank\" rel=\"noreferrer noopener\">Ha felkeltett\u00fck az \u00e9rdekl\u0151d\u00e9s\u00e9t keressenek az el\u00e9rhet\u0151s\u00e9geink egyik\u00e9n !!!<\/a><\/strong><\/p>\n","protected":false},"excerpt":{"rendered":"<p>A CALLEXPERT egy innovat\u00edv call center v\u00e1llalat, amely 2016 \u00f3ta k\u00edn\u00e1l sokr\u00e9t\u0171 kommunik\u00e1ci\u00f3s megold\u00e1sokat a piac sz\u00e9les k\u00f6r\u00e9nek. Szolg\u00e1ltat\u00e1saink k\u00f6z\u00e9 tartozik a hidegh\u00edv\u00e1sok v\u00e9grehajt\u00e1sa, bej\u00f6v\u0151 h\u00edv\u00e1sok kezel\u00e9se, sz\u00e1ml\u00e1z\u00e1si feladatok ell\u00e1t\u00e1sa, v\u00e1llalatok k\u00f6z\u00f6ss\u00e9gi m\u00e9dia oldalainak gondoz\u00e1sa, valamint a leg\u00fajabb k\u00edn\u00e1latunk: virtu\u00e1lis alk\u00f6zpontok kialak\u00edt\u00e1sa. Ez ut\u00f3bbi szolg\u00e1ltat\u00e1sunkkal lehet\u0151v\u00e9 tessz\u00fck \u00fcgyfeleink sz\u00e1m\u00e1ra, hogy rugalmas, k\u00f6lts\u00e9ghat\u00e9kony \u00e9s teljes m\u00e9rt\u00e9kben<br \/><a class=\"btn btn-theme post-btn\" href=\"https:\/\/callexpert.eu\/?page_id=476\">Read More<\/a><\/p>\n","protected":false},"author":1,"featured_media":306,"parent":0,"menu_order":0,"comment_status":"closed","ping_status":"closed","template":"templates\/fullwidth.php","meta":{"om_disable_all_campaigns":false,"_monsterinsights_skip_tracking":false,"_monsterinsights_sitenote_active":false,"_monsterinsights_sitenote_note":"","_monsterinsights_sitenote_category":0,"footnotes":""},"aioseo_notices":[],"_links":{"self":[{"href":"https:\/\/callexpert.eu\/index.php?rest_route=\/wp\/v2\/pages\/476"}],"collection":[{"href":"https:\/\/callexpert.eu\/index.php?rest_route=\/wp\/v2\/pages"}],"about":[{"href":"https:\/\/callexpert.eu\/index.php?rest_route=\/wp\/v2\/types\/page"}],"author":[{"embeddable":true,"href":"https:\/\/callexpert.eu\/index.php?rest_route=\/wp\/v2\/users\/1"}],"replies":[{"embeddable":true,"href":"https:\/\/callexpert.eu\/index.php?rest_route=%2Fwp%2Fv2%2Fcomments&post=476"}],"version-history":[{"count":10,"href":"https:\/\/callexpert.eu\/index.php?rest_route=\/wp\/v2\/pages\/476\/revisions"}],"predecessor-version":[{"id":497,"href":"https:\/\/callexpert.eu\/index.php?rest_route=\/wp\/v2\/pages\/476\/revisions\/497"}],"wp:featuredmedia":[{"embeddable":true,"href":"https:\/\/callexpert.eu\/index.php?rest_route=\/wp\/v2\/media\/306"}],"wp:attachment":[{"href":"https:\/\/callexpert.eu\/index.php?rest_route=%2Fwp%2Fv2%2Fmedia&parent=476"}],"curies":[{"name":"wp","href":"https:\/\/api.w.org\/{rel}","templated":true}]}}