{"id":96,"date":"2024-01-28T16:04:11","date_gmt":"2024-01-28T15:04:11","guid":{"rendered":"https:\/\/callexpert.eu\/?page_id=96"},"modified":"2024-03-20T19:49:21","modified_gmt":"2024-03-20T18:49:21","slug":"hideghivasok","status":"publish","type":"page","link":"https:\/\/callexpert.eu\/?page_id=96","title":{"rendered":"Hidegh\u00edv\u00e1sok"},"content":{"rendered":"\n<div class=\"wp-block-media-text alignwide is-stacked-on-mobile is-style-default\"><figure class=\"wp-block-media-text__media\"><img loading=\"lazy\" decoding=\"async\" width=\"1024\" height=\"682\" src=\"http:\/\/callexpert.eu\/wp-content\/uploads\/2024\/01\/dreamstime_xxl_103769454-1024x682.jpg\" alt=\"\" class=\"wp-image-21 size-full\" srcset=\"https:\/\/callexpert.eu\/wp-content\/uploads\/2024\/01\/dreamstime_xxl_103769454-1024x682.jpg 1024w, https:\/\/callexpert.eu\/wp-content\/uploads\/2024\/01\/dreamstime_xxl_103769454-300x200.jpg 300w, https:\/\/callexpert.eu\/wp-content\/uploads\/2024\/01\/dreamstime_xxl_103769454-768x511.jpg 768w, https:\/\/callexpert.eu\/wp-content\/uploads\/2024\/01\/dreamstime_xxl_103769454-1536x1023.jpg 1536w, https:\/\/callexpert.eu\/wp-content\/uploads\/2024\/01\/dreamstime_xxl_103769454-2048x1363.jpg 2048w\" sizes=\"(max-width: 1024px) 100vw, 1024px\" \/><\/figure><div class=\"wp-block-media-text__content\">\n<p class=\"has-white-color has-vivid-cyan-blue-background-color has-text-color has-background has-link-color has-small-font-size wp-elements-f5992370c6acb27b43a8b8b9f39df5a6\">Ha eljutott erre az oldalra akkor val\u00f3sz\u00edn\u0171, hogy oka van \u00e9s nincs sz\u00fcks\u00e9g arra, hogy bemutassuk, hogy mit jelent hidegh\u00edv\u00e1s!!<strong>Melyek lehetnek ezek az okok ? <\/strong> <\/p>\n\n\n\n<ul>\n<li class=\"has-small-font-size\">\u00fcgyfeleket partnereket szeretne szerezni \u00e9s nem tudja hogyan <\/li>\n\n\n\n<li class=\"has-small-font-size\">m\u00e1r nagyon sok c\u00e9ggel dolgozott \u00e9s egyikkel sem el\u00e9gedett     <\/li>\n\n\n\n<li class=\"has-small-font-size\">&nbsp;megunta m\u00e1r vagy nem szeret telefon\u00e1lni <\/li>\n\n\n\n<li class=\"has-small-font-size\">mire betanul a saj\u00e1t hidegh\u00edv\u00f3 m\u00e1r be is adja a felmond\u00e1s\u00e1t<\/li>\n\n\n\n<li class=\"has-small-font-size\">mert ha \u00d6n telefon\u00e1l nem marad id\u0151 az \u00e9rt\u00e9kes\u00edt\u00e9sre<\/li>\n\n\n\n<li class=\"has-small-font-size\">mert profikra szeretn\u00e9 bizni c\u00e9ge n\u00f6veked\u00e9s\u00e9t<\/li>\n\n\n\n<li class=\"has-small-font-size\">az online marketing (facebook, google stb) k\u00f6lts\u00e9gek t\u00fal magasak \u00e9s eredm\u00e9nytelenek<\/li>\n<\/ul>\n<\/div><\/div>\n\n\n\n<p class=\"has-text-align-left has-white-color has-vivid-cyan-blue-background-color has-text-color has-background has-link-color has-small-font-size wp-elements-40ed993535de173172ea193389fa9964\">Ny\u00edlv\u00e1n m\u00e1s okok is lehetnek,  de a tapasztalataink alapj\u00e1n ezek a leggyakoribbak. <strong><em><mark style=\"background-color:rgba(0, 0, 0, 0)\" class=\"has-inline-color has-black-color\">Ha \u00d6n is ig\u00e9nybe szeretn\u00e9 venni szolg\u00e1ltat\u00e1sainkat nem kell m\u00e1st tennie mint kit\u00f6lteni az al\u00e1bbi \u00fcrlapot, vagy felvenni vel\u00fcnk a kapcsolatot<sub> <\/sub>a megadott el\u00e9rhet\u0151s\u00e9geink egyik\u00e9n!!<\/mark><\/em><\/strong><\/p>\n\n\n\n<p><\/p>\n\n\n<div class=\"wpforms-container wpforms-container-full wpforms-block wpforms-block-f935907a-ec82-4301-b5ba-4dde093552b2 wpforms-render-modern\" id=\"wpforms-235\"><form id=\"wpforms-form-235\" class=\"wpforms-validate wpforms-form wpforms-ajax-form\" data-formid=\"235\" method=\"post\" enctype=\"multipart\/form-data\" action=\"\/index.php?rest_route=%2Fwp%2Fv2%2Fpages%2F96\" data-token=\"372355559aaa12ecb16eb476d824458c\" data-token-time=\"1777511927\"><noscript class=\"wpforms-error-noscript\">Please enable JavaScript in your browser to complete this form.<\/noscript><div id=\"wpforms-error-noscript\" style=\"display: none;\">Please enable JavaScript in your browser to complete this form.<\/div><div class=\"wpforms-field-container\"><div id=\"wpforms-235-field_0-container\" class=\"wpforms-field wpforms-field-name\" data-field-id=\"0\"><label class=\"wpforms-field-label\" for=\"wpforms-235-field_0\">N\u00e9v <span class=\"wpforms-required-label\" aria-hidden=\"true\">*<\/span><\/label><input type=\"text\" id=\"wpforms-235-field_0\" class=\"wpforms-field-medium wpforms-field-required\" name=\"wpforms[fields][0]\" aria-errormessage=\"wpforms-235-field_0-error\" required><\/div><div id=\"wpforms-235-field_1-container\" class=\"wpforms-field wpforms-field-email\" data-field-id=\"1\"><label class=\"wpforms-field-label\" for=\"wpforms-235-field_1\">Emailc\u00edm <span class=\"wpforms-required-label\" aria-hidden=\"true\">*<\/span><\/label><input type=\"email\" id=\"wpforms-235-field_1\" class=\"wpforms-field-medium wpforms-field-required\" name=\"wpforms[fields][1]\" spellcheck=\"false\" aria-errormessage=\"wpforms-235-field_1-error\" required><\/div><div id=\"wpforms-235-field_2-container\" class=\"wpforms-field wpforms-field-textarea\" data-field-id=\"2\"><label class=\"wpforms-field-label\" for=\"wpforms-235-field_2\">Megjegyz\u00e9s<\/label><textarea id=\"wpforms-235-field_2\" class=\"wpforms-field-small\" name=\"wpforms[fields][2]\" aria-errormessage=\"wpforms-235-field_2-error\" ><\/textarea><\/div><div id=\"wpforms-235-field_3-container\" class=\"wpforms-field wpforms-field-select wpforms-field-select-style-modern\" data-field-id=\"3\"><label class=\"wpforms-field-label\" for=\"wpforms-235-field_3\">Szolg\u00e1ltat\u00e1s kiv\u00e1laszt\u00e1sa<\/label><select id=\"wpforms-235-field_3\" class=\"wpforms-field-medium choicesjs-select\" data-size-class=\"wpforms-field-row wpforms-field-medium\" data-search-enabled=\"\" name=\"wpforms[fields][3]\"><option value=\"\" class=\"placeholder\" disabled  selected='selected'><\/option><option value=\"Hidegh\u00edv\u00e1sok\"  class=\"choice-1 depth-1\"  >Hidegh\u00edv\u00e1sok<\/option><option value=\"Back Office szolg\u00e1ltat\u00e1s\"  class=\"choice-2 depth-1\"  >Back Office szolg\u00e1ltat\u00e1s<\/option><option value=\"WebShopok kezel\u00e9se\"  class=\"choice-3 depth-1\"  >WebShopok kezel\u00e9se<\/option><option value=\"Virtu\u00e1lis alk\u00f6zpont\"  class=\"choice-4 depth-1\"  >Virtu\u00e1lis alk\u00f6zpont<\/option><option value=\"Telefonos panaszkezel\u00e9s\"  class=\"choice-5 depth-1\"  >Telefonos panaszkezel\u00e9s<\/option><option value=\"M\u00e1s Call Center szolg\u00e1ltat\u00e1s\"  class=\"choice-6 depth-1\"  >M\u00e1s Call Center szolg\u00e1ltat\u00e1s<\/option><option value=\"Egy\u00e9bb\"  class=\"choice-7 depth-1\"  >Egy\u00e9bb<\/option><\/select><\/div><\/div><!-- .wpforms-field-container --><div class=\"wpforms-submit-container\" ><input type=\"hidden\" name=\"wpforms[id]\" value=\"235\"><input type=\"hidden\" name=\"page_title\" value=\"\"><input type=\"hidden\" name=\"page_url\" value=\"https:\/\/callexpert.eu\/index.php?rest_route=\/wp\/v2\/pages\/96\"><input type=\"hidden\" name=\"url_referer\" value=\"\"><button type=\"submit\" name=\"wpforms[submit]\" id=\"wpforms-submit-235\" class=\"wpforms-submit\" data-alt-text=\"Sending...\" data-submit-text=\"K\u00fcld\u00e9s\" aria-live=\"assertive\" value=\"wpforms-submit\">K\u00fcld\u00e9s<\/button><img loading=\"lazy\" decoding=\"async\" src=\"https:\/\/callexpert.eu\/wp-content\/plugins\/wpforms-lite\/assets\/images\/submit-spin.svg\" class=\"wpforms-submit-spinner\" style=\"display: none;\" width=\"26\" height=\"26\" alt=\"Loading\"><\/div><\/form><\/div>  <!-- .wpforms-container -->","protected":false},"excerpt":{"rendered":"<p>Ny\u00edlv\u00e1n m\u00e1s okok is lehetnek, de a tapasztalataink alapj\u00e1n ezek a leggyakoribbak. Ha \u00d6n is ig\u00e9nybe szeretn\u00e9 venni szolg\u00e1ltat\u00e1sainkat nem kell m\u00e1st tennie mint kit\u00f6lteni az al\u00e1bbi \u00fcrlapot, vagy felvenni vel\u00fcnk a kapcsolatot a megadott el\u00e9rhet\u0151s\u00e9geink egyik\u00e9n!!<\/p>\n","protected":false},"author":1,"featured_media":0,"parent":0,"menu_order":0,"comment_status":"closed","ping_status":"closed","template":"templates\/fullwidth.php","meta":{"om_disable_all_campaigns":false,"_monsterinsights_skip_tracking":false,"_monsterinsights_sitenote_active":false,"_monsterinsights_sitenote_note":"","_monsterinsights_sitenote_category":0,"footnotes":""},"aioseo_notices":[],"_links":{"self":[{"href":"https:\/\/callexpert.eu\/index.php?rest_route=\/wp\/v2\/pages\/96"}],"collection":[{"href":"https:\/\/callexpert.eu\/index.php?rest_route=\/wp\/v2\/pages"}],"about":[{"href":"https:\/\/callexpert.eu\/index.php?rest_route=\/wp\/v2\/types\/page"}],"author":[{"embeddable":true,"href":"https:\/\/callexpert.eu\/index.php?rest_route=\/wp\/v2\/users\/1"}],"replies":[{"embeddable":true,"href":"https:\/\/callexpert.eu\/index.php?rest_route=%2Fwp%2Fv2%2Fcomments&post=96"}],"version-history":[{"count":27,"href":"https:\/\/callexpert.eu\/index.php?rest_route=\/wp\/v2\/pages\/96\/revisions"}],"predecessor-version":[{"id":349,"href":"https:\/\/callexpert.eu\/index.php?rest_route=\/wp\/v2\/pages\/96\/revisions\/349"}],"wp:attachment":[{"href":"https:\/\/callexpert.eu\/index.php?rest_route=%2Fwp%2Fv2%2Fmedia&parent=96"}],"curies":[{"name":"wp","href":"https:\/\/api.w.org\/{rel}","templated":true}]}}