{"id":97,"date":"2024-01-28T16:04:11","date_gmt":"2024-01-28T15:04:11","guid":{"rendered":"https:\/\/callexpert.eu\/?page_id=97"},"modified":"2024-03-20T19:50:00","modified_gmt":"2024-03-20T18:50:00","slug":"webshopok-kezelese","status":"publish","type":"page","link":"https:\/\/callexpert.eu\/?page_id=97","title":{"rendered":"Webshopok Kezel\u00e9se"},"content":{"rendered":"\n<p class=\"has-text-align-center has-black-color has-text-color has-link-color wp-elements-b316a315748529f3e916537a7c78fbb5\">A webshopok adminisztr\u00e1l\u00e1sa mag\u00e1ban foglalja az online \u00e1ruh\u00e1zak napi m\u0171k\u00f6d\u00e9s\u00e9vel, menedzsel\u00e9s\u00e9vel \u00e9s optimaliz\u00e1l\u00e1s\u00e1val kapcsolatos feladatokat. Ez egy \u00f6sszetett folyamat, amely t\u00f6bb kulcsfontoss\u00e1g\u00fa ter\u00fcletet is \u00e9rint, hogy biztos\u00edtsa a web\u00e1ruh\u00e1z zavartalan m\u0171k\u00f6d\u00e9s\u00e9t, n\u00f6velje az \u00e9rt\u00e9kes\u00edt\u00e9st \u00e9s jav\u00edtsa az \u00fcgyf\u00e9l-el\u00e9gedetts\u00e9get. <\/p>\n\n\n\n<p class=\"has-text-align-center has-black-color has-vivid-cyan-blue-background-color has-text-color has-background has-link-color wp-elements-b325edb2f055a5aa59d45b2a4948f182\"><strong>MIBEN TUDN\u00c1NK \u00d6NNEK SEG\u00edTENI ?<\/strong><\/p>\n\n\n\n<div class=\"wp-block-media-text is-stacked-on-mobile is-image-fill has-black-color has-vivid-cyan-blue-background-color has-text-color has-background has-link-color wp-elements-f45c7448f278da5c86b392035ad5c88b\"><figure class=\"wp-block-media-text__media\" style=\"background-image:url(http:\/\/callexpert.eu\/wp-content\/uploads\/2024\/01\/dreamstime_xxl_203016578-1-1024x1024.jpg);background-position:50% 50%\"><img loading=\"lazy\" decoding=\"async\" width=\"1024\" height=\"1024\" src=\"http:\/\/callexpert.eu\/wp-content\/uploads\/2024\/01\/dreamstime_xxl_203016578-1-1024x1024.jpg\" alt=\"\" class=\"wp-image-54 size-full\" srcset=\"https:\/\/callexpert.eu\/wp-content\/uploads\/2024\/01\/dreamstime_xxl_203016578-1-1024x1024.jpg 1024w, https:\/\/callexpert.eu\/wp-content\/uploads\/2024\/01\/dreamstime_xxl_203016578-1-300x300.jpg 300w, https:\/\/callexpert.eu\/wp-content\/uploads\/2024\/01\/dreamstime_xxl_203016578-1-150x150.jpg 150w, https:\/\/callexpert.eu\/wp-content\/uploads\/2024\/01\/dreamstime_xxl_203016578-1-768x768.jpg 768w, https:\/\/callexpert.eu\/wp-content\/uploads\/2024\/01\/dreamstime_xxl_203016578-1-1536x1536.jpg 1536w, https:\/\/callexpert.eu\/wp-content\/uploads\/2024\/01\/dreamstime_xxl_203016578-1-2048x2048.jpg 2048w\" sizes=\"(max-width: 1024px) 100vw, 1024px\" \/><\/figure><div class=\"wp-block-media-text__content\">\n<p class=\"has-text-align-center has-small-font-size\"><strong>\u00d6n foglalkozik az \u00e9rt\u00e9kes\u00edt\u00e9ssel mi pedig az adminsztr\u00e1ci\u00f3val!!<\/strong><\/p>\n\n\n\n<ul>\n<li class=\"has-small-font-size\">kimen\u0151 bej\u0151v\u0151 h\u00edv\u00e1sok kezel\u00e9se<\/li>\n\n\n\n<li class=\"has-small-font-size\">t\u00falcs\u00f6rg\u0151 h\u00edv\u00e1sok fogad\u00e1sa<\/li>\n\n\n\n<li class=\"has-small-font-size\">emailek megv\u00e1laszol\u00e1sa<\/li>\n\n\n\n<li class=\"has-small-font-size\">sz\u00e1ml\u00e1z\u00e1s<\/li>\n\n\n\n<li class=\"has-small-font-size\">csomagc\u00edmk\u00e9k elk\u00e9sz\u00edt\u00e9se<\/li>\n\n\n\n<li class=\"has-small-font-size\">k\u00f6z\u00f6ss\u00e9gi oldalak kezel\u00e9se ( facebook, instagram stb)<\/li>\n\n\n\n<li class=\"has-small-font-size\">d\u00edjmentes telefonsz\u00e1m <\/li>\n\n\n\n<li class=\"has-small-font-size\">r\u00f6gz\u00edtett vonal \u00e9s IVR biztos\u00edt\u00e1sa<\/li>\n<\/ul>\n<\/div><\/div>\n\n\n\n<hr class=\"wp-block-separator has-alpha-channel-opacity\"\/>\n\n\n\n<p class=\"has-text-align-center has-black-color has-vivid-cyan-blue-background-color has-text-color has-background has-link-color wp-elements-d2a6aff481675c86246fa111c9e47c08\"><strong>SZERETNE TOV\u00c1BB TERJESZKEDNI ERUR\u00d3P\u00c1BAN<\/strong> <strong>?<\/strong><\/p>\n\n\n\n<div class=\"wp-block-media-text is-stacked-on-mobile is-image-fill has-black-color has-vivid-cyan-blue-background-color has-text-color has-background has-link-color wp-elements-0102aed7a834fc652ec2203d0b6d8d4d\"><figure class=\"wp-block-media-text__media\" style=\"background-image:url(http:\/\/callexpert.eu\/wp-content\/uploads\/2024\/03\/AdobeStock_223320622-scaled-e1710854164719-1024x724.jpeg);background-position:50% 50%\"><img loading=\"lazy\" decoding=\"async\" width=\"1024\" height=\"724\" src=\"http:\/\/callexpert.eu\/wp-content\/uploads\/2024\/03\/AdobeStock_223320622-scaled-e1710854164719-1024x724.jpeg\" alt=\"\" class=\"wp-image-320 size-full\" srcset=\"https:\/\/callexpert.eu\/wp-content\/uploads\/2024\/03\/AdobeStock_223320622-scaled-e1710854164719-1024x724.jpeg 1024w, https:\/\/callexpert.eu\/wp-content\/uploads\/2024\/03\/AdobeStock_223320622-scaled-e1710854164719-300x212.jpeg 300w, https:\/\/callexpert.eu\/wp-content\/uploads\/2024\/03\/AdobeStock_223320622-scaled-e1710854164719-768x543.jpeg 768w, https:\/\/callexpert.eu\/wp-content\/uploads\/2024\/03\/AdobeStock_223320622-scaled-e1710854164719-1536x1086.jpeg 1536w, https:\/\/callexpert.eu\/wp-content\/uploads\/2024\/03\/AdobeStock_223320622-scaled-e1710854164719.jpeg 1702w\" sizes=\"(max-width: 1024px) 100vw, 1024px\" \/><\/figure><div class=\"wp-block-media-text__content\">\n<p class=\"has-text-align-center has-black-color has-text-color has-link-color has-small-font-size wp-elements-8f240a2217ba3556297a10f908d6af8e\"><strong>Ha a k\u00e9rd\u00e9sre a v\u00e1lasz igen, vel\u00fcnk megteheti!<\/strong><\/p>\n\n\n\n<ul>\n<li class=\"has-small-font-size\">biztos\u00edtunk ak\u00e1r d\u00edjmentesen telefonsz\u00e1mot Eur\u00f3pa szinte minden orsz\u00e1g\u00e1hoz<\/li>\n\n\n\n<li class=\"has-small-font-size\">IVR rendszert <\/li>\n\n\n\n<li class=\"has-small-font-size\">hum\u00e1er\u0151forr\u00e1st<\/li>\n\n\n\n<li class=\"has-small-font-size\">b\u00edztos\u00edtsuk a fentebb  eml\u00edtett szolg\u00e1tat\u00e1sok mindenik\u00e9t<\/li>\n<\/ul>\n<\/div><\/div>\n\n\n\n<hr class=\"wp-block-separator has-text-color has-vivid-cyan-blue-color has-alpha-channel-opacity has-vivid-cyan-blue-background-color has-background is-style-wide\"\/>\n\n\n\n<p class=\"has-text-align-center has-black-color has-vivid-cyan-blue-background-color has-text-color has-background has-link-color wp-elements-1bd61ae1414f28c13e00e18536fcac3d\"><strong><a href=\"https:\/\/callexpert.eu\/?page_id=100\" target=\"_blank\" rel=\"noopener\" title=\"Ha felkeltett\u00fck az \u00e9rdekl\u0151d\u00e9s\u00e9t keressenek az el\u00e9rhet\u0151s\u00e9geink egyik\u00e9n !!!\">Ha felkeltett\u00fck az \u00e9rdekl\u0151d\u00e9s\u00e9t keressenek az el\u00e9rhet\u0151s\u00e9geink egyik\u00e9n !!!<\/a><\/strong><\/p>\n","protected":false},"excerpt":{"rendered":"<p>A webshopok adminisztr\u00e1l\u00e1sa mag\u00e1ban foglalja az online \u00e1ruh\u00e1zak napi m\u0171k\u00f6d\u00e9s\u00e9vel, menedzsel\u00e9s\u00e9vel \u00e9s optimaliz\u00e1l\u00e1s\u00e1val kapcsolatos feladatokat. Ez egy \u00f6sszetett folyamat, amely t\u00f6bb kulcsfontoss\u00e1g\u00fa ter\u00fcletet is \u00e9rint, hogy biztos\u00edtsa a web\u00e1ruh\u00e1z zavartalan m\u0171k\u00f6d\u00e9s\u00e9t, n\u00f6velje az \u00e9rt\u00e9kes\u00edt\u00e9st \u00e9s jav\u00edtsa az \u00fcgyf\u00e9l-el\u00e9gedetts\u00e9get. MIBEN TUDN\u00c1NK \u00d6NNEK SEG\u00edTENI ? SZERETNE TOV\u00c1BB TERJESZKEDNI ERUR\u00d3P\u00c1BAN ? Ha felkeltett\u00fck az \u00e9rdekl\u0151d\u00e9s\u00e9t keressenek az el\u00e9rhet\u0151s\u00e9geink<br \/><a class=\"btn btn-theme post-btn\" href=\"https:\/\/callexpert.eu\/?page_id=97\">Read More<\/a><\/p>\n","protected":false},"author":1,"featured_media":0,"parent":0,"menu_order":0,"comment_status":"closed","ping_status":"closed","template":"templates\/fullwidth.php","meta":{"om_disable_all_campaigns":false,"_monsterinsights_skip_tracking":false,"_monsterinsights_sitenote_active":false,"_monsterinsights_sitenote_note":"","_monsterinsights_sitenote_category":0,"footnotes":""},"aioseo_notices":[],"_links":{"self":[{"href":"https:\/\/callexpert.eu\/index.php?rest_route=\/wp\/v2\/pages\/97"}],"collection":[{"href":"https:\/\/callexpert.eu\/index.php?rest_route=\/wp\/v2\/pages"}],"about":[{"href":"https:\/\/callexpert.eu\/index.php?rest_route=\/wp\/v2\/types\/page"}],"author":[{"embeddable":true,"href":"https:\/\/callexpert.eu\/index.php?rest_route=\/wp\/v2\/users\/1"}],"replies":[{"embeddable":true,"href":"https:\/\/callexpert.eu\/index.php?rest_route=%2Fwp%2Fv2%2Fcomments&post=97"}],"version-history":[{"count":7,"href":"https:\/\/callexpert.eu\/index.php?rest_route=\/wp\/v2\/pages\/97\/revisions"}],"predecessor-version":[{"id":449,"href":"https:\/\/callexpert.eu\/index.php?rest_route=\/wp\/v2\/pages\/97\/revisions\/449"}],"wp:attachment":[{"href":"https:\/\/callexpert.eu\/index.php?rest_route=%2Fwp%2Fv2%2Fmedia&parent=97"}],"curies":[{"name":"wp","href":"https:\/\/api.w.org\/{rel}","templated":true}]}}